{"id":577,"date":"2026-03-29T16:28:49","date_gmt":"2026-03-29T14:28:49","guid":{"rendered":"http:\/\/localhost\/siteaefm\/?page_id=577"},"modified":"2026-04-22T13:33:55","modified_gmt":"2026-04-22T11:33:55","slug":"qui-sommes-nous","status":"publish","type":"page","link":"https:\/\/aefm.mr\/?page_id=577","title":{"rendered":"Qui sommes-nous ?"},"content":{"rendered":"\t\t<div data-elementor-type=\"wp-page\" data-elementor-id=\"577\" class=\"elementor elementor-577\">\n\t\t\t\t<div class=\"aux-parallax-section elementor-element elementor-element-6d91aa1 e-flex e-con-boxed e-con e-parent\" data-id=\"6d91aa1\" data-element_type=\"container\">\n\t\t\t\t\t<div class=\"e-con-inner\">\n\t\t<div class=\"elementor-element elementor-element-a3f7840 e-con-full e-flex e-con e-child\" data-id=\"a3f7840\" data-element_type=\"container\">\n\t\t<div class=\"elementor-element elementor-element-3ba3d36 e-con-full e-flex e-con e-child\" data-id=\"3ba3d36\" data-element_type=\"container\">\n\t\t\t\t<div class=\"elementor-element elementor-element-11a2af3 elementor-widget elementor-widget-text-editor\" data-id=\"11a2af3\" data-element_type=\"widget\" data-widget_type=\"text-editor.default\">\n\t\t\t\t<div class=\"elementor-widget-container\">\n\t\t\t\t\t\t\t\t\t<div class=\"cm-line\">L\u2019Association des \u00c9tudiants Mauritaniens Francophones (AEFM) est une association de jeunesse,<\/div><div class=\"cm-line\">\u00e9ducative et culturelle \u00e0 but non lucratif.<\/div><div class=\"cm-line\">\u00a0<\/div><div class=\"cm-line\">Elle \u0153uvre pour la promotion de la langue fran\u00e7aise, le renforcement des capacit\u00e9s des \u00e9l\u00e8ves<\/div><div class=\"cm-line\">et des \u00e9tudiants, ainsi que le d\u00e9veloppement du dialogue interculturel en Mauritanie.<\/div><div class=\"cm-line\">\u00a0<\/div><div class=\"cm-line\">\u00c0 travers des formations, des activit\u00e9s \u00e9ducatives et culturelles, et des partenariats,<\/div><div class=\"cm-line\">l\u2019AEFM contribue \u00e0 l\u2019\u00e9panouissement et \u00e0 l\u2019engagement de la jeunesse.<\/div>\t\t\t\t\t\t\t\t<\/div>\n\t\t\t\t<\/div>\n\t\t\t\t<\/div>\n\t\t<div class=\"elementor-element elementor-element-ae59f17 e-con-full e-flex e-con e-child\" data-id=\"ae59f17\" data-element_type=\"container\">\n\t\t\t\t<div class=\"elementor-element elementor-element-00796dd elementor-widget elementor-widget-image\" data-id=\"00796dd\" data-element_type=\"widget\" data-widget_type=\"image.default\">\n\t\t\t\t<div class=\"elementor-widget-container\">\n\t\t\t\t\t\t\t\t\t\t\t\t\t\t\t<img fetchpriority=\"high\" decoding=\"async\" width=\"1024\" height=\"667\" src=\"https:\/\/aefm.mr\/wp-content\/uploads\/2026\/01\/page-equipe.jpg\" class=\"attachment-large size-large wp-image-305\" alt=\"\" \/>\t\t\t\t\t\t\t\t\t\t\t\t\t\t\t<\/div>\n\t\t\t\t<\/div>\n\t\t\t\t<\/div>\n\t\t\t\t<\/div>\n\t\t\t\t\t<\/div>\n\t\t\t\t<\/div>\n\t\t<div class=\"aux-parallax-section elementor-element elementor-element-970b0d0 e-flex e-con-boxed e-con e-parent\" data-id=\"970b0d0\" data-element_type=\"container\">\n\t\t\t\t\t<div class=\"e-con-inner\">\n\t\t<div class=\"elementor-element elementor-element-8894cc4 e-con-full e-flex e-con e-child\" data-id=\"8894cc4\" data-element_type=\"container\">\n\t\t\t\t<div class=\"elementor-element elementor-element-978aba0 elementor-widget elementor-widget-heading\" data-id=\"978aba0\" data-element_type=\"widget\" data-widget_type=\"heading.default\">\n\t\t\t\t<div class=\"elementor-widget-container\">\n\t\t\t\t\t<h2 class=\"elementor-heading-title elementor-size-default\">Nos activit\u00e9s<\/h2>\t\t\t\t<\/div>\n\t\t\t\t<\/div>\n\t\t<div class=\"elementor-element elementor-element-43f4862 e-con-full e-flex e-con e-child\" data-id=\"43f4862\" data-element_type=\"container\">\n\t\t<div class=\"elementor-element elementor-element-665c4da e-con-full e-flex e-con e-child\" data-id=\"665c4da\" data-element_type=\"container\">\n\t\t<div class=\"elementor-element elementor-element-2a0efaf e-con-full e-flex e-con e-child\" data-id=\"2a0efaf\" data-element_type=\"container\">\n\t\t\t\t<div class=\"elementor-element elementor-element-54c3267 elementor-view-default elementor-position-block-start elementor-mobile-position-block-start elementor-widget elementor-widget-icon-box\" data-id=\"54c3267\" data-element_type=\"widget\" data-widget_type=\"icon-box.default\">\n\t\t\t\t<div class=\"elementor-widget-container\">\n\t\t\t\t\t\t\t<div class=\"elementor-icon-box-wrapper\">\n\n\t\t\t\t\t\t<div class=\"elementor-icon-box-icon\">\n\t\t\t\t<span  class=\"elementor-icon\">\n\t\t\t\t<i aria-hidden=\"true\" class=\"fas fa-graduation-cap\"><\/i>\t\t\t\t<\/span>\n\t\t\t<\/div>\n\t\t\t\n\t\t\t\t\t\t<div class=\"elementor-icon-box-content\">\n\n\t\t\t\t\t\t\t\t\t<h3 class=\"elementor-icon-box-title\">\n\t\t\t\t\t\t<span  >\n\t\t\t\t\t\t\tCours de langue fran\u00e7aise\t\t\t\t\t\t<\/span>\n\t\t\t\t\t<\/h3>\n\t\t\t\t\n\t\t\t\t\t\t\t\t\t<p class=\"elementor-icon-box-description\">\n\t\t\t\t\t\tOrganisation de cours de soutien et de renforcement en langue fran\u00e7aise\nau profit des \u00e9l\u00e8ves et des \u00e9tudiants.\t\t\t\t\t<\/p>\n\t\t\t\t\n\t\t\t<\/div>\n\t\t\t\n\t\t<\/div>\n\t\t\t\t\t\t<\/div>\n\t\t\t\t<\/div>\n\t\t\t\t<\/div>\n\t\t<div class=\"elementor-element elementor-element-a2389b0 e-con-full e-flex e-con e-child\" data-id=\"a2389b0\" data-element_type=\"container\">\n\t\t\t\t<div class=\"elementor-element elementor-element-94a77ef elementor-view-default elementor-position-block-start elementor-mobile-position-block-start elementor-widget elementor-widget-icon-box\" data-id=\"94a77ef\" data-element_type=\"widget\" data-widget_type=\"icon-box.default\">\n\t\t\t\t<div class=\"elementor-widget-container\">\n\t\t\t\t\t\t\t<div class=\"elementor-icon-box-wrapper\">\n\n\t\t\t\t\t\t<div class=\"elementor-icon-box-icon\">\n\t\t\t\t<span  class=\"elementor-icon\">\n\t\t\t\t<i aria-hidden=\"true\" class=\"fas fa-school\"><\/i>\t\t\t\t<\/span>\n\t\t\t<\/div>\n\t\t\t\n\t\t\t\t\t\t<div class=\"elementor-icon-box-content\">\n\n\t\t\t\t\t\t\t\t\t<h3 class=\"elementor-icon-box-title\">\n\t\t\t\t\t\t<span  >\n\t\t\t\t\t\t\tActivit\u00e9s \u00e9ducatives\t\t\t\t\t\t<\/span>\n\t\t\t\t\t<\/h3>\n\t\t\t\t\n\t\t\t\t\t\t\t\t\t<p class=\"elementor-icon-box-description\">\n\t\t\t\t\t\t<br>Mise en place de formations \u00e9ducatives gratuites et d\u2019ateliers de\nd\u00e9veloppement des comp\u00e9tences.\t\t\t\t\t<\/p>\n\t\t\t\t\n\t\t\t<\/div>\n\t\t\t\n\t\t<\/div>\n\t\t\t\t\t\t<\/div>\n\t\t\t\t<\/div>\n\t\t\t\t<\/div>\n\t\t<div class=\"elementor-element elementor-element-13dc9e3 e-con-full e-flex e-con e-child\" data-id=\"13dc9e3\" data-element_type=\"container\">\n\t\t\t\t<div class=\"elementor-element elementor-element-6992058 elementor-view-default elementor-position-block-start elementor-mobile-position-block-start elementor-widget elementor-widget-icon-box\" data-id=\"6992058\" data-element_type=\"widget\" data-widget_type=\"icon-box.default\">\n\t\t\t\t<div class=\"elementor-widget-container\">\n\t\t\t\t\t\t\t<div class=\"elementor-icon-box-wrapper\">\n\n\t\t\t\t\t\t<div class=\"elementor-icon-box-icon\">\n\t\t\t\t<span  class=\"elementor-icon\">\n\t\t\t\t<i aria-hidden=\"true\" class=\"fas fa-users\"><\/i>\t\t\t\t<\/span>\n\t\t\t<\/div>\n\t\t\t\n\t\t\t\t\t\t<div class=\"elementor-icon-box-content\">\n\n\t\t\t\t\t\t\t\t\t<h3 class=\"elementor-icon-box-title\">\n\t\t\t\t\t\t<span  >\n\t\t\t\t\t\t\tActivit\u00e9s culturelles\t\t\t\t\t\t<\/span>\n\t\t\t\t\t<\/h3>\n\t\t\t\t\n\t\t\t\t\t\t\t\t\t<p class=\"elementor-icon-box-description\">\n\t\t\t\t\t\t<br>Organisation d\u2019activit\u00e9s culturelles, de conf\u00e9rences et d\u2019\u00e9v\u00e9nements\nfavorisant le dialogue interculturel.\t\t\t\t\t<\/p>\n\t\t\t\t\n\t\t\t<\/div>\n\t\t\t\n\t\t<\/div>\n\t\t\t\t\t\t<\/div>\n\t\t\t\t<\/div>\n\t\t\t\t<\/div>\n\t\t\t\t<\/div>\n\t\t\t\t<\/div>\n\t\t\t\t<\/div>\n\t\t\t\t\t<\/div>\n\t\t\t\t<\/div>\n\t\t\t\t<\/div>\n\t\t","protected":false},"excerpt":{"rendered":"<p>L\u2019Association des \u00c9tudiants Mauritaniens Francophones (AEFM) est une association de jeunesse,\u00e9ducative et culturelle \u00e0 but non lucratif.\u00a0Elle \u0153uvre pour la promotion de la langue fran\u00e7aise, le renforcement des capacit\u00e9s des \u00e9l\u00e8veset des \u00e9tudiants, ainsi que le d\u00e9veloppement du dialogue interculturel en Mauritanie.\u00a0\u00c0 travers des formations, des activit\u00e9s \u00e9ducatives et culturelles, et des partenariats,l\u2019AEFM contribue \u00e0 [&hellip;]<\/p>\n","protected":false},"author":1,"featured_media":0,"parent":0,"menu_order":0,"comment_status":"closed","ping_status":"closed","template":"","meta":{"footnotes":""},"class_list":["post-577","page","type-page","status-publish","hentry"],"_links":{"self":[{"href":"https:\/\/aefm.mr\/index.php?rest_route=\/wp\/v2\/pages\/577","targetHints":{"allow":["GET"]}}],"collection":[{"href":"https:\/\/aefm.mr\/index.php?rest_route=\/wp\/v2\/pages"}],"about":[{"href":"https:\/\/aefm.mr\/index.php?rest_route=\/wp\/v2\/types\/page"}],"author":[{"embeddable":true,"href":"https:\/\/aefm.mr\/index.php?rest_route=\/wp\/v2\/users\/1"}],"replies":[{"embeddable":true,"href":"https:\/\/aefm.mr\/index.php?rest_route=%2Fwp%2Fv2%2Fcomments&post=577"}],"version-history":[{"count":7,"href":"https:\/\/aefm.mr\/index.php?rest_route=\/wp\/v2\/pages\/577\/revisions"}],"predecessor-version":[{"id":692,"href":"https:\/\/aefm.mr\/index.php?rest_route=\/wp\/v2\/pages\/577\/revisions\/692"}],"wp:attachment":[{"href":"https:\/\/aefm.mr\/index.php?rest_route=%2Fwp%2Fv2%2Fmedia&parent=577"}],"curies":[{"name":"wp","href":"https:\/\/api.w.org\/{rel}","templated":true}]}}