{"id":585,"date":"2026-03-29T16:32:56","date_gmt":"2026-03-29T14:32:56","guid":{"rendered":"http:\/\/localhost\/siteaefm\/?page_id=585"},"modified":"2026-05-12T15:53:35","modified_gmt":"2026-05-12T13:53:35","slug":"rejoignez-aefm","status":"publish","type":"page","link":"https:\/\/aefm.mr\/?page_id=585","title":{"rendered":"Rejoignez AEFM"},"content":{"rendered":"\t\t<div data-elementor-type=\"wp-page\" data-elementor-id=\"585\" class=\"elementor elementor-585\">\n\t\t\t\t<div class=\"aux-parallax-section elementor-element elementor-element-28981f2 e-flex e-con-boxed e-con e-parent\" data-id=\"28981f2\" data-element_type=\"container\">\n\t\t\t\t\t<div class=\"e-con-inner\">\n\t\t<div class=\"elementor-element elementor-element-14e1af3 e-con-full e-flex e-con e-child\" data-id=\"14e1af3\" data-element_type=\"container\">\n\t\t<div class=\"elementor-element elementor-element-e916e2d e-con-full e-flex e-con e-child\" data-id=\"e916e2d\" data-element_type=\"container\">\n\t\t\t\t<div class=\"elementor-element elementor-element-85960e5 elementor-widget elementor-widget-aux_modern_heading\" data-id=\"85960e5\" data-element_type=\"widget\" data-widget_type=\"aux_modern_heading.default\">\n\t\t\t\t<div class=\"elementor-widget-container\">\n\t\t\t\t\t<section class=\"aux-widget-modern-heading\">\n            <div class=\"aux-widget-inner\"><h2 class=\"aux-modern-heading-primary\">\n<\/h2><div class=\"aux-modern-heading-description\"><h3>Vous \u00eates \u00e9tudiant, enseignant ou passionn\u00e9 par la langue fran\u00e7aise ?<br \/>Rejoignez l\u2019Association des \u00c9tudiants Mauritaniens Francophones et participez activement \u00e0 nos actions \u00e9ducatives et culturelles.<\/h3><\/div><\/div>\n        <\/section>\t\t\t\t<\/div>\n\t\t\t\t<\/div>\n\t\t\t\t<div class=\"elementor-element elementor-element-3b930b3 elementor-widget elementor-widget-aux_icon_list\" data-id=\"3b930b3\" data-element_type=\"widget\" data-widget_type=\"aux_icon_list.default\">\n\t\t\t\t<div class=\"elementor-widget-container\">\n\t\t\t\t\t<section class=\"widget-container aux-widget-icon-list aux-parent-au66709210\"><div class=\"widget-inner\"><div class=\"aux-widget-icon-list-inner\"><ul class=\"aux-icon-list-items aux-direction-default\"><li class=\"aux-icon-list-item aux-list-item-has-icon aux-icon-list-item-86134f7 elementor-repeater-item-86134f7\"><i aria-hidden=\"true\" class=\"aux-icon-list-icon fab fa-whatsapp\"><\/i><span class=\"aux-icon-list-text\">Phone:<\/span><span class=\"aux-icon-list-text2\">(222) 43768544<\/span><\/li><li class=\"aux-icon-list-item aux-list-item-has-icon aux-icon-list-item-62310ed elementor-repeater-item-62310ed\"><i aria-hidden=\"true\" class=\"aux-icon-list-icon auxicon auxicon-email-mail-streamline\"><\/i><span class=\"aux-icon-list-text\">Email:<\/span><span class=\"aux-icon-list-text2\">aefm019@gmail.com<\/span><\/li><li class=\"aux-icon-list-item aux-list-item-has-icon aux-icon-list-item-756d465 elementor-repeater-item-756d465\"><i aria-hidden=\"true\" class=\"aux-icon-list-icon auxicon auxicon-location\"><\/i><span class=\"aux-icon-list-text\">Address:<\/span><span class=\"aux-icon-list-text2\">Mauritanie-Nouakchott<\/span><\/li><\/ul><\/div><\/div><\/section><!-- widget-container -->\t\t\t\t<\/div>\n\t\t\t\t<\/div>\n\t\t\t\t<\/div>\n\t\t<div class=\"elementor-element elementor-element-749c9f7 e-con-full e-flex e-con e-child\" data-id=\"749c9f7\" data-element_type=\"container\">\n\t\t\t\t<div class=\"elementor-element elementor-element-9412fcb elementor-widget__width-initial elementor-widget elementor-widget-aux_contact_form\" data-id=\"9412fcb\" data-element_type=\"widget\" data-widget_type=\"aux_contact_form.default\">\n\t\t\t\t<div class=\"elementor-widget-container\">\n\t\t\t\t\t<section class=\"widget-container aux-widget-contact-form aux-parent-au8a84d688\">            <div class=\"aux-col-wrapper aux-no-gutter\">\n            <!-- @TODO - The output for element here -->\n\n            \n<div class=\"wpcf7 no-js\" id=\"wpcf7-f9-o1\" lang=\"fr-FR\" dir=\"ltr\" data-wpcf7-id=\"9\">\n<div class=\"screen-reader-response\"><p role=\"status\" aria-live=\"polite\" aria-atomic=\"true\"><\/p> <ul><\/ul><\/div>\n<form action=\"\/index.php?rest_route=%2Fwp%2Fv2%2Fpages%2F585#wpcf7-f9-o1\" method=\"post\" class=\"wpcf7-form init\" aria-label=\"Formulaire de contact\" novalidate=\"novalidate\" data-status=\"init\">\n<fieldset class=\"hidden-fields-container\"><input type=\"hidden\" name=\"_wpcf7\" value=\"9\" \/><input type=\"hidden\" name=\"_wpcf7_version\" value=\"6.1.4\" \/><input type=\"hidden\" name=\"_wpcf7_locale\" value=\"fr_FR\" \/><input type=\"hidden\" name=\"_wpcf7_unit_tag\" value=\"wpcf7-f9-o1\" \/><input type=\"hidden\" name=\"_wpcf7_container_post\" value=\"0\" \/><input type=\"hidden\" name=\"_wpcf7_posted_data_hash\" value=\"\" \/>\n<\/fieldset>\n<div class=\"aefm-contact-form\">\n\t<div class=\"form-row\">\n\t\t<div class=\"form-group\">\n\t\t\t<p><label> <i class=\"fa fa-user\"><\/i> Votre nom (obligatoire) <\/label><br \/>\n<span class=\"wpcf7-form-control-wrap\" data-name=\"your-name\"><input size=\"40\" maxlength=\"400\" class=\"wpcf7-form-control wpcf7-text wpcf7-validates-as-required\" autocomplete=\"name\" aria-required=\"true\" aria-invalid=\"false\" placeholder=\"Ex: Ahmed Mohamed\" value=\"\" type=\"text\" name=\"your-name\" \/><\/span>\n\t\t\t<\/p>\n\t\t<\/div>\n\t\t<div class=\"form-group\">\n\t\t\t<p><label> <i class=\"fa fa-envelope\"><\/i> Votre e-mail (obligatoire) <\/label><br \/>\n<span class=\"wpcf7-form-control-wrap\" data-name=\"your-email\"><input size=\"40\" maxlength=\"400\" class=\"wpcf7-form-control wpcf7-email wpcf7-validates-as-required wpcf7-text wpcf7-validates-as-email\" autocomplete=\"email\" aria-required=\"true\" aria-invalid=\"false\" placeholder=\"Ex: contact@aefm.mr\" value=\"\" type=\"email\" name=\"your-email\" \/><\/span>\n\t\t\t<\/p>\n\t\t<\/div>\n\t<\/div>\n\t<div class=\"form-group\">\n\t\t<p><label> <i class=\"fa fa-tag\"><\/i> Objet <\/label><br \/>\n<span class=\"wpcf7-form-control-wrap\" data-name=\"your-subject\"><input size=\"40\" maxlength=\"400\" class=\"wpcf7-form-control wpcf7-text wpcf7-validates-as-required\" aria-required=\"true\" aria-invalid=\"false\" placeholder=\"Sujet de votre message\" value=\"\" type=\"text\" name=\"your-subject\" \/><\/span>\n\t\t<\/p>\n\t<\/div>\n\t<div class=\"form-group\">\n\t\t<p><label> <i class=\"fa fa-pencil\"><\/i> Votre message <\/label><br \/>\n<span class=\"wpcf7-form-control-wrap\" data-name=\"your-message\"><textarea cols=\"40\" rows=\"10\" maxlength=\"2000\" class=\"wpcf7-form-control wpcf7-textarea\" aria-invalid=\"false\" placeholder=\"Comment pouvons-nous vous aider ?\" name=\"your-message\"><\/textarea><\/span>\n\t\t<\/p>\n\t<\/div>\n\t<div class=\"form-submit\">\n\t\t<p><input class=\"wpcf7-form-control wpcf7-submit has-spinner\" type=\"submit\" value=\"Envoyer le message\" \/>\n\t\t<\/p>\n\t<\/div>\n<\/div><div class=\"wpcf7-response-output\" aria-hidden=\"true\"><\/div>\n<\/form>\n<\/div>\n\n\n            <\/div><!-- aux-col-wrapper -->\n    <\/section><!-- widget-container -->\t\t\t\t<\/div>\n\t\t\t\t<\/div>\n\t\t\t\t<\/div>\n\t\t\t\t<\/div>\n\t\t\t\t\t<\/div>\n\t\t\t\t<\/div>\n\t\t\t\t<\/div>\n\t\t","protected":false},"excerpt":{"rendered":"<p>Vous \u00eates \u00e9tudiant, enseignant ou passionn\u00e9 par la langue fran\u00e7aise ?Rejoignez l\u2019Association des \u00c9tudiants Mauritaniens Francophones et participez activement \u00e0 nos actions \u00e9ducatives et culturelles. Phone:(222) 43768544 Email:aefm019@gmail.com Address:Mauritanie-Nouakchott Votre nom (obligatoire) Votre e-mail (obligatoire) Objet Votre message<\/p>\n","protected":false},"author":1,"featured_media":0,"parent":0,"menu_order":0,"comment_status":"closed","ping_status":"closed","template":"","meta":{"footnotes":""},"class_list":["post-585","page","type-page","status-publish","hentry"],"_links":{"self":[{"href":"https:\/\/aefm.mr\/index.php?rest_route=\/wp\/v2\/pages\/585","targetHints":{"allow":["GET"]}}],"collection":[{"href":"https:\/\/aefm.mr\/index.php?rest_route=\/wp\/v2\/pages"}],"about":[{"href":"https:\/\/aefm.mr\/index.php?rest_route=\/wp\/v2\/types\/page"}],"author":[{"embeddable":true,"href":"https:\/\/aefm.mr\/index.php?rest_route=\/wp\/v2\/users\/1"}],"replies":[{"embeddable":true,"href":"https:\/\/aefm.mr\/index.php?rest_route=%2Fwp%2Fv2%2Fcomments&post=585"}],"version-history":[{"count":4,"href":"https:\/\/aefm.mr\/index.php?rest_route=\/wp\/v2\/pages\/585\/revisions"}],"predecessor-version":[{"id":1150,"href":"https:\/\/aefm.mr\/index.php?rest_route=\/wp\/v2\/pages\/585\/revisions\/1150"}],"wp:attachment":[{"href":"https:\/\/aefm.mr\/index.php?rest_route=%2Fwp%2Fv2%2Fmedia&parent=585"}],"curies":[{"name":"wp","href":"https:\/\/api.w.org\/{rel}","templated":true}]}}